{"id":503,"date":"2019-04-07T07:36:58","date_gmt":"2019-04-07T07:36:58","guid":{"rendered":"http:\/\/kutir2.test\/?page_id=503"},"modified":"2026-02-20T17:12:44","modified_gmt":"2026-02-20T16:12:44","slug":"kontakt","status":"publish","type":"page","link":"https:\/\/taxiuso.at\/en\/kontakt\/","title":{"rendered":"Contact"},"content":{"rendered":"<div data-elementor-type=\"wp-page\" data-elementor-id=\"503\" class=\"elementor elementor-503\">\n\t\t\t\t<div class=\"elementor-element elementor-element-319eb11 e-flex e-con-boxed e-con e-parent\" data-id=\"319eb11\" data-element_type=\"container\">\n\t\t\t\t\t<div class=\"e-con-inner\">\n\t\t\t\t<div class=\"elementor-element elementor-element-c39d8f8 elementor-widget elementor-widget-html\" data-id=\"c39d8f8\" data-element_type=\"widget\" data-widget_type=\"html.default\">\n\t\t\t\t<div class=\"elementor-widget-container\">\n\t\t\t\t\t\n    <link rel=\"stylesheet\" href=\"https:\/\/cdnjs.cloudflare.com\/ajax\/libs\/font-awesome\/6.4.2\/css\/all.min.css\">\n    <style>\n    .fonsizead{\n        font-size: 60px;\n    }\n        .contact-section {\n            width: 100%;\n           \n            color: white;\n            text-align: center;\n            padding: 60px 20px;\n            position: relative;\n            border-radius: 10px;\n        }\n        .contact-section h2 {\n            font-size: 36px;\n            font-weight: bold;\n            margin-bottom: 20px;\n        }\n        .contact-boxes {\n            display: flex;\n            justify-content: center;\n            gap: 20px;\n            max-width: 900px;\n            margin: 0 auto 30px auto;\n            flex-wrap: wrap;\n                font-size: 20px;\n        }\n        .contact-box {\n            background: #F8B500;\n            color: #393E46;\n            padding: 20px;\n            border-radius: 10px;\n            width: 260px;\n            text-align: center;\n            box-shadow: 0px 4px 10px rgba(0, 0, 0, 0.1);\n        }\n        .contact-box i {\n            font-size: 40px;\n            margin-bottom: 10px;\n        }\n        .contact-box p {\n            font-size: 16px;\n            margin: 5px 0;\n            font-weight: bold;\n        }\n        \n        .contact-form {\n            max-width: 600px;\n            margin: 0 auto;\n        }\n        .contact-box a {\n           \n            text-decoration: none;\n            font-weight: bold;\n            \n        }\n        \n        .contact-box a:hover {\n            text-decoration: none;\n           \n        }\n        .contact-box a:hover, a:focus, a:active {\n    color: #EBE8DB;}\n        \/* Mobil uyumlu *\/\n        @media (max-width: 768px) {\n            .contact-section h2 {\n                font-size: 26px;\n            }\n            .contact-boxes {\n                flex-direction: column;\n                align-items: center;\n            }\n            .contact-box {\n                width: 90%;\n            }\n        }\n    <\/style>\n<\/head>\n<body>\n\n    <div class=\"contact-section\">\n<h2><i class=\"fas fa-envelope\"><\/i> Contact <strong>Taxi Reutte<\/strong><\/h2>\n        <p>Haben Sie Fragen oder m\u00f6chten Sie eine Fahrt buchen?   wir sind  f\u00fcr Sie da!<\/p>\n\n        <div class=\"contact-boxes\">\n            <div class=\"contact-box\">\n                <i class=\"fas fa-phone-alt\"><\/i>\n                <p>Telefon<\/p>\n                <a href=\"tel:068181816828\">0681 81816828<\/a>\n            <\/div>\n            <div class=\"contact-box\">\n                <i class=\"fas fa-envelope\"><\/i>\n                <p>E-Mail<\/p>\n                <a href=\"mailto:info@taxiuso.at\">info@taxiuso.at<\/a>\n            <\/div>\n\n\n        <\/div>\n\n    <\/div>\n\n<\/body>\n<\/html>\n\t\t\t\t<\/div>\n\t\t\t\t<\/div>\n\t\t\t\t\t<\/div>\n\t\t\t\t<\/div>\n\t\t<div class=\"elementor-element elementor-element-d76e613 e-flex e-con-boxed e-con e-parent\" data-id=\"d76e613\" data-element_type=\"container\">\n\t\t\t\t\t<div class=\"e-con-inner\">\n\t\t\t\t\t<\/div>\n\t\t\t\t<\/div>\n\t\t<div class=\"elementor-element elementor-element-7d59e89 e-flex e-con-boxed e-con e-parent\" data-id=\"7d59e89\" data-element_type=\"container\">\n\t\t\t\t\t<div class=\"e-con-inner\">\n\t\t<div class=\"elementor-element elementor-element-4948e21 e-con-full e-flex e-con e-child\" data-id=\"4948e21\" data-element_type=\"container\">\n\t\t\t\t<div class=\"elementor-element elementor-element-35bcedc elementor-invisible elementor-widget elementor-widget-image\" data-id=\"35bcedc\" data-element_type=\"widget\" data-settings=\"{&quot;_animation&quot;:&quot;zoomIn&quot;}\" data-widget_type=\"image.default\">\n\t\t\t\t<div class=\"elementor-widget-container\">\n\t\t\t\t\t\t\t\t\t\t\t\t\t\t\t<img fetchpriority=\"high\" decoding=\"async\" width=\"390\" height=\"425\" src=\"https:\/\/taxiuso.at\/wp-content\/uploads\/2025\/03\/kontakt.png\" class=\"attachment-large size-large wp-image-10211\" alt=\"\" srcset=\"https:\/\/taxiuso.at\/wp-content\/uploads\/2025\/03\/kontakt.png 390w, https:\/\/taxiuso.at\/wp-content\/uploads\/2025\/03\/kontakt-275x300.png 275w, https:\/\/taxiuso.at\/wp-content\/uploads\/2025\/03\/kontakt-11x12.png 11w\" sizes=\"(max-width: 390px) 100vw, 390px\" \/>\t\t\t\t\t\t\t\t\t\t\t\t\t\t\t<\/div>\n\t\t\t\t<\/div>\n\t\t\t\t<\/div>\n\t\t<div class=\"elementor-element elementor-element-fd03e9e e-con-full e-flex e-con e-child\" data-id=\"fd03e9e\" data-element_type=\"container\">\n\t\t\t\t<div class=\"elementor-element elementor-element-4c3bc5a elementor-widget elementor-widget-shortcode\" data-id=\"4c3bc5a\" data-element_type=\"widget\" data-widget_type=\"shortcode.default\">\n\t\t\t\t<div class=\"elementor-widget-container\">\n\t\t\t\t\t\t\t<div class=\"elementor-shortcode\">\n<div class=\"wpcf7 no-js\" id=\"wpcf7-f506-o1\" lang=\"en-US\" dir=\"ltr\" data-wpcf7-id=\"506\">\n<div class=\"screen-reader-response\"><p role=\"status\" aria-live=\"polite\" aria-atomic=\"true\"><\/p> <ul><\/ul><\/div>\n<form action=\"\/en\/wp-json\/wp\/v2\/pages\/503#wpcf7-f506-o1\" method=\"post\" class=\"wpcf7-form init\" aria-label=\"Contact form\" novalidate=\"novalidate\" data-status=\"init\" data-trp-original-action=\"\/en\/wp-json\/wp\/v2\/pages\/503#wpcf7-f506-o1\">\n<fieldset class=\"hidden-fields-container\"><input type=\"hidden\" name=\"_wpcf7\" value=\"506\" \/><input type=\"hidden\" name=\"_wpcf7_version\" value=\"6.1.4\" \/><input type=\"hidden\" name=\"_wpcf7_locale\" value=\"en_US\" \/><input type=\"hidden\" name=\"_wpcf7_unit_tag\" value=\"wpcf7-f506-o1\" \/><input type=\"hidden\" name=\"_wpcf7_container_post\" value=\"0\" \/><input type=\"hidden\" name=\"_wpcf7_posted_data_hash\" value=\"\" \/><input type=\"hidden\" name=\"_cf7r_user_id\" value=\"0\" \/>\n<\/fieldset>\n<div class=\"row\">\n\t<div class=\"col-md-12 mb-20 form-input box\">\n\t\t<p><span class=\"wpcf7-form-control-wrap\" data-name=\"your-name\"><input size=\"40\" maxlength=\"400\" class=\"wpcf7-form-control wpcf7-text wpcf7-validates-as-required\" aria-required=\"true\" aria-invalid=\"false\" placeholder=\"Name\" value=\"\" type=\"text\" name=\"your-name\" \/><\/span>\n\t\t<\/p>\n\t<\/div>\n<\/div>\n<div class=\"row\">\n\t<div class=\"col-md-12 mb-20 form-input box\">\n\t\t<p><span class=\"wpcf7-form-control-wrap\" data-name=\"your-email\"><input size=\"40\" maxlength=\"400\" class=\"wpcf7-form-control wpcf7-email wpcf7-validates-as-required wpcf7-text wpcf7-validates-as-email\" aria-required=\"true\" aria-invalid=\"false\" placeholder=\"E Mail Adress\" value=\"\" type=\"email\" name=\"your-email\" \/><\/span>\n\t\t<\/p>\n\t<\/div>\n<\/div>\n<div class=\"row\">\n\t<div class=\"col-md-12 mb-20 form-input;\">\n\t\t<p><span class=\"wpcf7-form-control-wrap\" data-name=\"tel-980\"><input size=\"40\" maxlength=\"400\" class=\"wpcf7-form-control wpcf7-tel wpcf7-validates-as-required wpcf7-text wpcf7-validates-as-tel\" aria-required=\"true\" aria-invalid=\"false\" placeholder=\"Phone number\" value=\"\" type=\"tel\" name=\"tel-980\" \/><\/span>\n\t\t<\/p>\n\t<\/div>\n<\/div>\n<div class=\"row\">\n\t<div class=\"col-md-12 mb-20 form-input box1\">\n\t\t<p><span class=\"wpcf7-form-control-wrap\" data-name=\"your-message\"><textarea cols=\"40\" rows=\"10\" maxlength=\"2000\" class=\"wpcf7-form-control wpcf7-textarea\" aria-invalid=\"false\" placeholder=\"Message\" name=\"your-message\"><\/textarea><\/span>\n\t\t<\/p>\n\t<\/div>\n<\/div>\n<p><span class=\"wpcf7-form-control-wrap\" data-name=\"hcap-cf7\">\t\t<input\n\t\t\t\ttype=\"hidden\"\n\t\t\t\tclass=\"hcaptcha-widget-id\"\n\t\t\t\tname=\"hcaptcha-widget-id\"\n\t\t\t\tvalue=\"eyJzb3VyY2UiOlsiY29udGFjdC1mb3JtLTdcL3dwLWNvbnRhY3QtZm9ybS03LnBocCJdLCJmb3JtX2lkIjo2fQ==-cf392831e8021fc94f0238d72a90231b\">\n\t\t\t\t<span id=\"hcap_cf7-69e4d82a9f4927.26941923\" class=\"wpcf7-form-control h-captcha\"\n\t\t\tdata-sitekey=\"cb4ad5b8-4580-4772-8bf0-14b6b1de6a8e\"\n\t\t\tdata-theme=\"light\"\n\t\t\tdata-size=\"normal\"\n\t\t\tdata-auto=\"false\"\n\t\t\tdata-ajax=\"false\"\n\t\t\tdata-force=\"false\">\n\t\t<\/span>\n\t\t<input type=\"hidden\" id=\"_wpnonce\" name=\"_wpnonce\" value=\"db8a9534a0\" \/><input type=\"hidden\" name=\"_wp_http_referer\" value=\"\/en\/wp-json\/wp\/v2\/pages\/503\" \/><\/span><input class=\"wpcf7-form-control wpcf7-submit has-spinner\" type=\"submit\" value=\"Send\" \/>\n<\/p><div class=\"wpcf7-response-output\" aria-hidden=\"true\"><\/div>\n<input type=\"hidden\" name=\"trp-form-language\" value=\"en\"\/><\/form>\n<\/div>\n<\/div>\n\t\t\t\t\t\t<\/div>\n\t\t\t\t<\/div>\n\t\t\t\t<div class=\"elementor-element elementor-element-9677af4 elementor-widget elementor-widget-text-editor\" data-id=\"9677af4\" data-element_type=\"widget\" data-widget_type=\"text-editor.default\">\n\t\t\t\t<div class=\"elementor-widget-container\">\n\t\t\t\t\t\t\t\t\t<p>F\u00fcr Buchungen unter 15 km bitte telefonisch kontaktieren.<\/p>\t\t\t\t\t\t\t\t<\/div>\n\t\t\t\t<\/div>\n\t\t\t\t<\/div>\n\t\t\t\t\t<\/div>\n\t\t\t\t<\/div>\n\t\t\t\t<\/div>","protected":false},"excerpt":{"rendered":"<p>Kontaktieren Sie Taxi Reutte Haben Sie Fragen oder m\u00f6chten Sie eine Fahrt buchen? wir sind f\u00fcr Sie da! Telefon 0681 81816828 E-Mail info@taxiuso.at F\u00fcr Buchungen unter 15 km bitte telefonisch kontaktieren.<\/p>","protected":false},"author":1,"featured_media":0,"parent":0,"menu_order":0,"comment_status":"closed","ping_status":"closed","template":"","meta":{"inline_featured_image":false,"footnotes":""},"class_list":["post-503","page","type-page","status-publish","hentry"],"yoast_head":"<!-- This site is optimized with the Yoast SEO Premium plugin v21.7 (Yoast SEO v26.7) - https:\/\/yoast.com\/wordpress\/plugins\/seo\/ -->\n<title>Kontakt | Taxi Uso Reutte<\/title>\n<meta name=\"description\" content=\"We&#039;ll be happy to assist with your questions, requests, or reservations. Take a look at our contact information and get in touch with us!\" \/>\n<meta name=\"robots\" content=\"index, follow, max-snippet:-1, max-image-preview:large, max-video-preview:-1\" \/>\n<link rel=\"canonical\" href=\"https:\/\/taxiuso.at\/en\/kontakt\/\" \/>\n<meta property=\"og:locale\" content=\"en_US\" \/>\n<meta property=\"og:type\" content=\"article\" \/>\n<meta property=\"og:title\" content=\"Kontakt\" \/>\n<meta property=\"og:description\" content=\"Ihr verl\u00e4sslicher Partner f\u00fcr Flughafentransfers, Stadtfahrten &amp; Langstreckentransporte. Komfortabel, p\u00fcnktlich &amp; sicher unterwegs. Jetzt buchen!\" \/>\n<meta property=\"og:url\" content=\"https:\/\/taxiuso.at\/en\/kontakt\/\" \/>\n<meta property=\"og:site_name\" content=\"Taxi Uso Reutte\" \/>\n<meta property=\"article:modified_time\" content=\"2026-02-20T16:12:44+00:00\" \/>\n<meta property=\"og:image\" content=\"https:\/\/taxiuso.at\/wp-content\/uploads\/2025\/03\/kontakt.png\" \/>\n\t<meta property=\"og:image:width\" content=\"390\" \/>\n\t<meta property=\"og:image:height\" content=\"425\" \/>\n\t<meta property=\"og:image:type\" content=\"image\/png\" \/>\n<meta name=\"twitter:card\" content=\"summary_large_image\" \/>\n<meta name=\"twitter:label1\" content=\"Est. reading time\" \/>\n\t<meta name=\"twitter:data1\" content=\"1 minute\" \/>\n<script type=\"application\/ld+json\" class=\"yoast-schema-graph\">{\"@context\":\"https:\/\/schema.org\",\"@graph\":[{\"@type\":\"WebPage\",\"@id\":\"https:\/\/taxiuso.at\/kontakt\/\",\"url\":\"https:\/\/taxiuso.at\/kontakt\/\",\"name\":\"Kontakt | Taxi Uso Reutte\",\"isPartOf\":{\"@id\":\"https:\/\/taxiuso.at\/#website\"},\"primaryImageOfPage\":{\"@id\":\"https:\/\/taxiuso.at\/kontakt\/#primaryimage\"},\"image\":{\"@id\":\"https:\/\/taxiuso.at\/kontakt\/#primaryimage\"},\"thumbnailUrl\":\"https:\/\/taxiuso.at\/wp-content\/uploads\/2025\/03\/kontakt.png\",\"datePublished\":\"2019-04-07T07:36:58+00:00\",\"dateModified\":\"2026-02-20T16:12:44+00:00\",\"description\":\"We'll be happy to assist with your questions, requests, or reservations. Take a look at our contact information and get in touch with us!\",\"breadcrumb\":{\"@id\":\"https:\/\/taxiuso.at\/kontakt\/#breadcrumb\"},\"inLanguage\":\"en-US\",\"potentialAction\":[{\"@type\":\"ReadAction\",\"target\":[\"https:\/\/taxiuso.at\/kontakt\/\"]}]},{\"@type\":\"ImageObject\",\"inLanguage\":\"en-US\",\"@id\":\"https:\/\/taxiuso.at\/kontakt\/#primaryimage\",\"url\":\"https:\/\/taxiuso.at\/wp-content\/uploads\/2025\/03\/kontakt.png\",\"contentUrl\":\"https:\/\/taxiuso.at\/wp-content\/uploads\/2025\/03\/kontakt.png\"},{\"@type\":\"BreadcrumbList\",\"@id\":\"https:\/\/taxiuso.at\/kontakt\/#breadcrumb\",\"itemListElement\":[{\"@type\":\"ListItem\",\"position\":1,\"name\":\"Anasayfa\",\"item\":\"https:\/\/taxiuso.at\/\"},{\"@type\":\"ListItem\",\"position\":2,\"name\":\"Kontakt\"}]},{\"@type\":\"WebSite\",\"@id\":\"https:\/\/taxiuso.at\/#website\",\"url\":\"https:\/\/taxiuso.at\/\",\"name\":\"Taxi Uso Reutte\",\"description\":\"Ihr zuverl\u00e4ssiger Taxi in Reutte\",\"publisher\":{\"@id\":\"https:\/\/taxiuso.at\/#organization\"},\"alternateName\":\"Taxi Reutte\",\"potentialAction\":[{\"@type\":\"SearchAction\",\"target\":{\"@type\":\"EntryPoint\",\"urlTemplate\":\"https:\/\/taxiuso.at\/?s={search_term_string}\"},\"query-input\":{\"@type\":\"PropertyValueSpecification\",\"valueRequired\":true,\"valueName\":\"search_term_string\"}}],\"inLanguage\":\"en-US\"},{\"@type\":\"Organization\",\"@id\":\"https:\/\/taxiuso.at\/#organization\",\"name\":\"Taxi Uso Reutte\",\"alternateName\":\"Reutte Taxi\",\"url\":\"https:\/\/taxiuso.at\/\",\"logo\":{\"@type\":\"ImageObject\",\"inLanguage\":\"en-US\",\"@id\":\"https:\/\/taxiuso.at\/#\/schema\/logo\/image\/\",\"url\":\"https:\/\/taxiuso.at\/wp-content\/uploads\/2025\/02\/logo-black.png\",\"contentUrl\":\"https:\/\/taxiuso.at\/wp-content\/uploads\/2025\/02\/logo-black.png\",\"width\":1440,\"height\":810,\"caption\":\"Taxi Uso Reutte\"},\"image\":{\"@id\":\"https:\/\/taxiuso.at\/#\/schema\/logo\/image\/\"}}]}<\/script>\n<!-- \/ Yoast SEO Premium plugin. -->","yoast_head_json":{"title":"Kontakt | Taxi Uso Reutte","description":"We'll be happy to assist with your questions, requests, or reservations. Take a look at our contact information and get in touch with us!","robots":{"index":"index","follow":"follow","max-snippet":"max-snippet:-1","max-image-preview":"max-image-preview:large","max-video-preview":"max-video-preview:-1"},"canonical":"https:\/\/taxiuso.at\/en\/kontakt\/","og_locale":"en_US","og_type":"article","og_title":"Kontakt","og_description":"Ihr verl\u00e4sslicher Partner f\u00fcr Flughafentransfers, Stadtfahrten & Langstreckentransporte. Komfortabel, p\u00fcnktlich & sicher unterwegs. Jetzt buchen!","og_url":"https:\/\/taxiuso.at\/en\/kontakt\/","og_site_name":"Taxi Uso Reutte","article_modified_time":"2026-02-20T16:12:44+00:00","og_image":[{"width":390,"height":425,"url":"https:\/\/taxiuso.at\/wp-content\/uploads\/2025\/03\/kontakt.png","type":"image\/png"}],"twitter_card":"summary_large_image","twitter_misc":{"Est. reading time":"1 minute"},"schema":{"@context":"https:\/\/schema.org","@graph":[{"@type":"WebPage","@id":"https:\/\/taxiuso.at\/kontakt\/","url":"https:\/\/taxiuso.at\/kontakt\/","name":"Kontakt | Taxi Uso Reutte","isPartOf":{"@id":"https:\/\/taxiuso.at\/#website"},"primaryImageOfPage":{"@id":"https:\/\/taxiuso.at\/kontakt\/#primaryimage"},"image":{"@id":"https:\/\/taxiuso.at\/kontakt\/#primaryimage"},"thumbnailUrl":"https:\/\/taxiuso.at\/wp-content\/uploads\/2025\/03\/kontakt.png","datePublished":"2019-04-07T07:36:58+00:00","dateModified":"2026-02-20T16:12:44+00:00","description":"We'll be happy to assist with your questions, requests, or reservations. Take a look at our contact information and get in touch with us!","breadcrumb":{"@id":"https:\/\/taxiuso.at\/kontakt\/#breadcrumb"},"inLanguage":"en-US","potentialAction":[{"@type":"ReadAction","target":["https:\/\/taxiuso.at\/kontakt\/"]}]},{"@type":"ImageObject","inLanguage":"en-US","@id":"https:\/\/taxiuso.at\/kontakt\/#primaryimage","url":"https:\/\/taxiuso.at\/wp-content\/uploads\/2025\/03\/kontakt.png","contentUrl":"https:\/\/taxiuso.at\/wp-content\/uploads\/2025\/03\/kontakt.png"},{"@type":"BreadcrumbList","@id":"https:\/\/taxiuso.at\/kontakt\/#breadcrumb","itemListElement":[{"@type":"ListItem","position":1,"name":"Anasayfa","item":"https:\/\/taxiuso.at\/"},{"@type":"ListItem","position":2,"name":"Kontakt"}]},{"@type":"WebSite","@id":"https:\/\/taxiuso.at\/#website","url":"https:\/\/taxiuso.at\/","name":"Taxi Uso Reutte","description":"Ihr zuverl\u00e4ssiger Taxi in Reutte","publisher":{"@id":"https:\/\/taxiuso.at\/#organization"},"alternateName":"Taxi Reutte","potentialAction":[{"@type":"SearchAction","target":{"@type":"EntryPoint","urlTemplate":"https:\/\/taxiuso.at\/?s={search_term_string}"},"query-input":{"@type":"PropertyValueSpecification","valueRequired":true,"valueName":"search_term_string"}}],"inLanguage":"en-US"},{"@type":"Organization","@id":"https:\/\/taxiuso.at\/#organization","name":"Taxi Uso Reutte","alternateName":"Reutte Taxi","url":"https:\/\/taxiuso.at\/","logo":{"@type":"ImageObject","inLanguage":"en-US","@id":"https:\/\/taxiuso.at\/#\/schema\/logo\/image\/","url":"https:\/\/taxiuso.at\/wp-content\/uploads\/2025\/02\/logo-black.png","contentUrl":"https:\/\/taxiuso.at\/wp-content\/uploads\/2025\/02\/logo-black.png","width":1440,"height":810,"caption":"Taxi Uso Reutte"},"image":{"@id":"https:\/\/taxiuso.at\/#\/schema\/logo\/image\/"}}]}},"_links":{"self":[{"href":"https:\/\/taxiuso.at\/en\/wp-json\/wp\/v2\/pages\/503","targetHints":{"allow":["GET"]}}],"collection":[{"href":"https:\/\/taxiuso.at\/en\/wp-json\/wp\/v2\/pages"}],"about":[{"href":"https:\/\/taxiuso.at\/en\/wp-json\/wp\/v2\/types\/page"}],"author":[{"embeddable":true,"href":"https:\/\/taxiuso.at\/en\/wp-json\/wp\/v2\/users\/1"}],"replies":[{"embeddable":true,"href":"https:\/\/taxiuso.at\/en\/wp-json\/wp\/v2\/comments?post=503"}],"version-history":[{"count":76,"href":"https:\/\/taxiuso.at\/en\/wp-json\/wp\/v2\/pages\/503\/revisions"}],"predecessor-version":[{"id":10799,"href":"https:\/\/taxiuso.at\/en\/wp-json\/wp\/v2\/pages\/503\/revisions\/10799"}],"wp:attachment":[{"href":"https:\/\/taxiuso.at\/en\/wp-json\/wp\/v2\/media?parent=503"}],"curies":[{"name":"wp","href":"https:\/\/api.w.org\/{rel}","templated":true}]}}