{"id":6297,"date":"2024-10-17T19:24:19","date_gmt":"2024-10-17T17:24:19","guid":{"rendered":"https:\/\/taxiuso.at\/?page_id=6297"},"modified":"2025-06-03T23:10:00","modified_gmt":"2025-06-03T21:10:00","slug":"ueber-uns","status":"publish","type":"page","link":"https:\/\/taxiuso.at\/en\/ueber-uns\/","title":{"rendered":"About us"},"content":{"rendered":"<div class=\"wpdl-notice-wrap\"><\/div>\n<p>[vc_row][vc_column][vc_raw_html]JTIwJTIwJTIwJTIwJTNDc3R5bGUlM0UlMEElMjAlMjAlMjAlMjAlMjAlMjAlMjAlMEElMjAlMjAlMjAlMjAlMjAlMjAlMjAlMjBoZWFkZXIlMjAlN0IlMEElMjAlMjAlMjAlMjAlMjAlMjAlMjAlMjAlMjAlMjAlMjAlMjBiYWNrZ3JvdW5kLWNvbG9yJTNBJTIwJTIzRjhCNTAwJTNCJTBBJTIwJTIwJTIwJTIwJTIwJTIwJTIwJTIwJTIwJTIwJTIwJTIwY29sb3IlM0ElMjB3aGl0ZSUzQiUwQSUyMCUyMCUyMCUyMCUyMCUyMCUyMCUyMCUyMCUyMCUyMCUyMHRleHQtYWxpZ24lM0ElMjBjZW50ZXIlM0IlMEElMjAlMjAlMjAlMjAlMjAlMjAlMjAlMjAlMjAlMjAlMjAlMjBwYWRkaW5nJTNBJTIwMjBweCUyMDAlM0IlMEElMjAlMjAlMjAlMjAlMjAlMjAlMjAlMjAlMjAlMjAlMjAlMjBib3JkZXItcmFkaXVzJTNBJTIwMTBweCUzQiUwQSUyMCUyMCUyMCUyMCUyMCUyMCUyMCUyMCUyMCUyMCUyMCUyMG1hcmdpbi1ib3R0b20lM0ElMjAyMHB4JTNCJTBBJTIwJTIwJTIwJTIwJTIwJTIwJTIwJTIwJTdEJTBBJTBBJTIwJTIwJTIwJTIwJTIwJTIwJTIwJTIwaGVhZGVyJTIwaDElMjAlN0IlMEElMjAlMjAlMjAlMjAlMjAlMjAlMjAlMjAlMjAlMjAlMjAlMjBtYXJnaW4lM0ElMjAwJTNCJTBBJTIwJTIwJTIwJTIwJTIwJTIwJTIwJTIwJTdEJTBBJTBBJTIwJTIwJTIwJTIwJTIwJTIwJTIwJTIwLmNvbnRhaW5lciUyMCU3QiUwQSUyMCUyMCUyMCUyMCUyMCUyMCUyMCUyMCUyMCUyMCUyMCUyMHdpZHRoJTNBJTIwODAlMjUlM0IlMEElMjAlMjAlMjAlMjAlMjAlMjAlMjAlMjAlMjAlMjAlMjAlMjBtYXJnaW4lM0ElMjAwJTIwYXV0byUzQiUwQSUyMCUyMCUyMCUyMCUyMCUyMCUyMCUyMCUyMCUyMCUyMCUyMHBhZGRpbmclM0ElMjAyMHB4JTNCJTBBJTIwJTIwJTIwJTIwJTIwJTIwJTIwJTIwJTdEJTBBJTBBJTIwJTIwJTIwJTIwJTIwJTIwJTIwJTIwaDIlMjAlN0IlMEElMjAlMjAlMjAlMjAlMjAlMjAlMjAlMjAlMjAlMjAlMjAlMjBjb2xvciUzQSUyMCUyM0Y4QjUwMCUzQiUwQSUyMCUyMCUyMCUyMCUyMCUyMCUyMCUyMCUyMCUyMCUyMCUyMHRleHQtYWxpZ24lM0ElMjBjZW50ZXIlM0IlMEElMjAlMjAlMjAlMjAlMjAlMjAlMjAlMjAlMjAlMjAlMjAlMjBtYXJnaW4tdG9wJTNBJTIwMjBweCUzQiUwQSUyMCUyMCUyMCUyMCUyMCUyMCUyMCUyMCU3RCUwQSUwQSUyMCUyMCUyMCUyMCUyMCUyMCUyMCUyMC5zZXJ2aWNlcyUyMCU3QiUwQSUyMCUyMCUyMCUyMCUyMCUyMCUyMCUyMCUyMCUyMCUyMCUyMGRpc3BsYXklM0ElMjBmbGV4JTNCJTBBJTIwJTIwJTIwJTIwJTIwJTIwJTIwJTIwJTIwJTIwJTIwJTIwanVzdGlmeS1jb250ZW50JTNBJTIwc3BhY2UtYXJvdW5kJTNCJTBBJTIwJTIwJTIwJTIwJTIwJTIwJTIwJTIwJTIwJTIwJTIwJTIwZmxleC13cmFwJTNBJTIwd3JhcCUzQiUwQSUyMCUyMCUyMCUyMCUyMCUyMCUyMCUyMCUyMCUyMCUyMCUyMG1hcmdpbi10b3AlM0ElMjAzMHB4JTNCJTBBJTIwJTIwJTIwJTIwJTIwJTIwJTIwJTIwJTdEJTBBJTBBJTIwJTIwJTIwJTIwJTIwJTIwJTIwJTIwLnNlcnZpY2UlMjAlN0IlMEElMjAlMjAlMjAlMjAlMjAlMjAlMjAlMjAlMjAlMjAlMjAlMjBiYWNrZ3JvdW5kLWNvbG9yJTNBJTIwd2hpdGUlM0IlMEElMjAlMjAlMjAlMjAlMjAlMjAlMjAlMjAlMjAlMjAlMjAlMjBib3JkZXIlM0ElMjAxcHglMjBzb2xpZCUyMCUyM2RkZCUzQiUwQSUyMCUyMCUyMCUyMCUyMCUyMCUyMCUyMCUyMCUyMCUyMCUyMGJvcmRlci1yYWRpdXMlM0ElMjAxMHB4JTNCJTBBJTIwJTIwJTIwJTIwJTIwJTIwJTIwJTIwJTIwJTIwJTIwJTIwcGFkZGluZyUzQSUyMDIwcHglM0IlMEElMjAlMjAlMjAlMjAlMjAlMjAlMjAlMjAlMjAlMjAlMjAlMjB3aWR0aCUzQSUyMDQ1JTI1JTNCJTBBJTIwJTIwJTIwJTIwJTIwJTIwJTIwJTIwJTIwJTIwJTIwJTIwbWFyZ2luLWJvdHRvbSUzQSUyMDIwcHglM0IlMEElMjAlMjAlMjAlMjAlMjAlMjAlMjAlMjAlMjAlMjAlMjAlMjB0ZXh0LWFsaWduJTNBJTIwY2VudGVyJTNCJTBBJTIwJTIwJTIwJTIwJTIwJTIwJTIwJTIwJTdEJTBBJTBBJTIwJTIwJTIwJTIwJTIwJTIwJTIwJTIwLnNlcnZpY2UlMjBoMyUyMCU3QiUwQSUyMCUyMCUyMCUyMCUyMCUyMCUyMCUyMCUyMCUyMCUyMCUyMGNvbG9yJTNBJTIwJTIzRjhCNTAwJTNCJTBBJTIwJTIwJTIwJTIwJTIwJTIwJTIwJTIwJTIwJTIwJTIwJTIwZm9udC1zaXplJTNBJTIwMS41ZW0lM0IlMEElMjAlMjAlMjAlMjAlMjAlMjAlMjAlMjAlMjAlMjAlMjAlMjBtYXJnaW4tYm90dG9tJTNBJTIwMTBweCUzQiUwQSUyMCUyMCUyMCUyMCUyMCUyMCUyMCUyMCU3RCUwQSUwQSUyMCUyMCUyMCUyMCUyMCUyMCUyMCUyMC5zZXJ2aWNlJTIwcCUyMCU3QiUwQSUyMCUyMCUyMCUyMCUyMCUyMCUyMCUyMCUyMCUyMCUyMCUyMGZvbnQtc2l6ZSUzQSUyMDFlbSUzQiUwQSUyMCUyMCUyMCUyMCUyMCUyMCUyMCUyMCUyMCUyMCUyMCUyMGNvbG9yJTNBJTIwJTIzMzMzJTNCJTBBJTIwJTIwJTIwJTIwJTIwJTIwJTIwJTIwJTdEJTBBJTBBJTIwJTIwJTIwJTIwJTIwJTIwJTIwJTIwLmN0YSUyMCU3QiUwQSUyMCUyMCUyMCUyMCUyMCUyMCUyMCUyMCUyMCUyMCUyMCUyMHRleHQtYWxpZ24lM0ElMjBjZW50ZXIlM0IlMEElMjAlMjAlMjAlMjAlMjAlMjAlMjAlMjAlMjAlMjAlMjAlMjBtYXJnaW4tdG9wJTNBJTIwNDBweCUzQiUwQSUyMCUyMCUyMCUyMCUyMCUyMCUyMCUyMCU3RCUwQSUwQSUyMCUyMCUyMCUyMCUyMCUyMCUyMCUyMC5jdGElMjBhJTIwJTdCJTBBJTIwJTIwJTIwJTIwJTIwJTIwJTIwJTIwJTIwJTIwJTIwJTIwYmFja2dyb3VuZC1jb2xvciUzQSUyMCUyM0Y4QjUwMCUzQiUwQSUyMCUyMCUyMCUyMCUyMCUyMCUyMCUyMCUyMCUyMCUyMCUyMGNvbG9yJTNBJTIwd2hpdGUlM0IlMEElMjAlMjAlMjAlMjAlMjAlMjAlMjAlMjAlMjAlMjAlMjAlMjBwYWRkaW5nJTNBJTIwMTBweCUyMDIwcHglM0IlMEElMjAlMjAlMjAlMjAlMjAlMjAlMjAlMjAlMjAlMjAlMjAlMjB0ZXh0LWRlY29yYXRpb24lM0ElMjBub25lJTNCJTBBJTIwJTIwJTIwJTIwJTIwJTIwJTIwJTIwJTIwJTIwJTIwJTIwZm9udC1zaXplJTNBJTIwMS4yZW0lM0IlMEElMjAlMjAlMjAlMjAlMjAlMjAlMjAlMjAlMjAlMjAlMjAlMjBib3JkZXItcmFkaXVzJTNBJTIwNXB4JTNCJTBBJTIwJTIwJTIwJTIwJTIwJTIwJTIwJTIwJTdEJTBBJTBBJTIwJTIwJTIwJTIwJTIwJTIwJTIwJTIwLmN0YSUyMGElM0Fob3ZlciUyMCU3QiUwQSUyMCUyMCUyMCUyMCUyMCUyMCUyMCUyMCUyMCUyMCUyMCUyMGJhY2tncm91bmQtY29sb3IlM0ElMjAlMjNkNDg3MDAlM0IlMEElMjAlMjAlMjAlMjAlMjAlMjAlMjAlMjAlN0QlMEElMEElMjAlMjAlMjAlMjAlMjAlMjAlMjAlMjBmb290ZXIlMjAlN0IlMEElMjAlMjAlMjAlMjAlMjAlMjAlMjAlMjAlMjAlMjAlMjAlMjBiYWNrZ3JvdW5kLWNvbG9yJTNBJTIwJTIzMzMzJTNCJTBBJTIwJTIwJTIwJTIwJTIwJTIwJTIwJTIwJTIwJTIwJTIwJTIwY29sb3IlM0ElMjB3aGl0ZSUzQiUwQSUyMCUyMCUyMCUyMCUyMCUyMCUyMCUyMCUyMCUyMCUyMCUyMHRleHQtYWxpZ24lM0ElMjBjZW50ZXIlM0IlMEElMjAlMjAlMjAlMjAlMjAlMjAlMjAlMjAlMjAlMjAlMjAlMjBwYWRkaW5nJTNBJTIwMTBweCUyMDAlM0IlMEElMjAlMjAlMjAlMjAlMjAlMjAlMjAlMjAlMjAlMjAlMjAlMjBtYXJnaW4tdG9wJTNBJTIwNDBweCUzQiUwQSUyMCUyMCUyMCUyMCUyMCUyMCUyMCUyMCU3RCUwQSUyMCUyMCUyMCUyMCUzQyUyRnN0eWxlJTNFJTBBJTNDJTJGaGVhZCUzRSUwQSUzQ2JvZHklM0UlMEElMjAlMjAlMjAlMjAlM0NoZWFkZXIlM0UlMEElMjAlMjAlMjAlMjAlMjAlMjAlMjAlMjAlM0NoMSUzRVRheGklMjBSZXV0dGUlMjBVc28lM0MlMkZoMSUzRSUwQSUyMCUyMCUyMCUyMCUyMCUyMCUyMCUyMCUzQ3AlM0VJaHIlMjB6dXZlcmwlQzMlQTRzc2lnZXIlMjBQYXJ0bmVyJTIwZiVDMyVCQ3IlMjBrb21mb3J0YWJsZSUyMHVuZCUyMHAlQzMlQkNua3RsaWNoZSUyMEZhaHJ0ZW4lM0MlMkZwJTNFJTBBJTIwJTIwJTIwJTIwJTNDJTJGaGVhZGVyJTNFJTBBJTBBJTIwJTIwJTIwJTIwJTNDZGl2JTIwY2xhc3MlM0QlMjJjb250YWluZXIlMjIlM0UlMEElMjAlMjAlMjAlMjAlMjAlMjAlMjAlMjAlM0NoMiUzRSVDMyU5Q2JlciUyMHVucyUyMCVFMiU4MCU5MyUyMFRheGklMjBSZXV0dGUlMjBVc28lM0MlMkZoMiUzRSUwQSUyMCUyMCUyMCUyMCUyMCUyMCUyMCUyMCUzQ3AlM0VXaWxsa29tbWVuJTIwYmVpJTIwVGF4aSUyMFJldXR0ZSUyMFVzbyUyMCVFMiU4MCU5MyUyMElocmVtJTIwenV2ZXJsJUMzJUE0c3NpZ2VuJTIwUGFydG5lciUyMGYlQzMlQkNyJTIwa29tZm9ydGFibGUlMjB1bmQlMjBwJUMzJUJDbmt0bGljaGUlMjBGYWhydGVuJTIwaW4lMjB1bmQlMjB1bSUyMFJldXR0ZSUyMSUyMFdpciUyMGJpZXRlbiUyMElobmVuJTIwbmljaHQlMjBudXIlMjBob2Nod2VydGlnZSUyMFRheGktRGllbnN0ZSUyQyUyMHNvbmRlcm4lMjBhdWNoJTIwbWElQzMlOUZnZXNjaG5laWRlcnRlJTIwTCVDMyVCNnN1bmdlbiUyMGYlQzMlQkNyJTIwSWhyZSUyMFJlaXNlYmVkJUMzJUJDcmZuaXNzZS4lMjBVbnNlciUyMFppZWwlMjBpc3QlMjBlcyUyQyUyMElobmVuJTIwamVkZXJ6ZWl0JTIwZWluZSUyMHN0cmVzc2ZyZWllJTIwdW5kJTIwYW5nZW5laG1lJTIwRmFocnQlMjB6dSUyMGVybSVDMyVCNmdsaWNoZW4lMkMlMjBzZWklMjBlcyUyMGYlQzMlQkNyJTIwZWluZSUyMGt1cnplJTIwRmFocnQlMjBpbiUyMGRlciUyMFN0YWR0JTJDJTIwZWluZSUyMGwlQzMlQTRuZ2VyZSUyMFJlaXNlJTIwb2RlciUyMGVpbmVuJTIwa29tZm9ydGFibGVuJTIwRmx1Z2hhZmVudHJhbnNmZXIuJTNDJTJGcCUzRSUwQSUwQSUyMCUyMCUyMCUyMCUyMCUyMCUyMCUyMCUzQ2RpdiUyMGNsYXNzJTNEJTIyc2VydmljZXMlMjIlM0UlMEElMjAlMjAlMjAlMjAlMjAlMjAlMjAlMjAlMjAlMjAlMjAlMjAlM0NkaXYlMjBjbGFzcyUzRCUyMnNlcnZpY2UlMjIlM0UlMEElMjAlMjAlMjAlMjAlMjAlMjAlMjAlMjAlMjAlMjAlMjAlMjAlMjAlMjAlMjAlMjAlM0NoMyUzRVRheGktU2VydmljZSUzQyUyRmgzJTNFJTBBJTIwJTIwJTIwJTIwJTIwJTIwJTIwJTIwJTIwJTIwJTIwJTIwJTIwJTNDcCUzRU9iJTIwU2llJTIwZWluZSUyMEZhaHJ0JTIwaW5uZXJoYWxiJTIwdm9uJTIwUmV1dHRlJTIwb2RlciUyMGluJTIwZWluZSUyMHVtbGllZ2VuZGUlMjBPcnRzY2hhZnQlMjBiZW4lQzMlQjZ0aWdlbiUyMCVFMiU4MCU5MyUyMHVuc2VyJTIwVGF4aS1TZXJ2aWNlJTIwc3RlaHQlMjBJaG5lbiUyMHp1dmVybCVDMyVBNHNzaWclMjB6dXIlMjBWZXJmJUMzJUJDZ3VuZy4lMjBXaXIlMjBiaWV0ZW4lMjBzaWNoZXJlJTIwdW5kJTIwa29tZm9ydGFibGUlMjBGYWhydGVuJTIwenUlMjBmYWlyZW4lMjBQcmVpc2VuJTJDJTIwZ2FueiUyMG5hY2glMjBJaHJlbSUyMEJlZGFyZi4lM0MlMkZwJTNFJTBBJTIwJTIwJTIwJTIwJTIwJTIwJTIwJTIwJTIwJTIwJTIwJTIwJTNDJTJGZGl2JTNFJTBBJTIwJTIwJTIwJTIwJTIwJTIwJTIwJTIwJTIwJTIwJTIwJTIwJTNDZGl2JTIwY2xhc3MlM0QlMjJzZXJ2aWNlJTIyJTNFJTBBJTIwJTIwJTIwJTIwJTIwJTIwJTIwJTIwJTIwJTIwJTIwJTIwJTIwJTIwJTIwJTIwJTNDaDMlM0VGbHVnaGFmZW50cmFuc2ZlcnMlM0MlMkZoMyUzRSUwQSUyMCUyMCUyMCUyMCUyMCUyMCUyMCUyMCUyMCUyMCUyMCUyMCUyMCUyMCUyMCUyMCUzQ3AlM0VNaXQlMjB1bnNlcmVtJTIwRmx1Z2hhZmVudHJhbnNmZXItU2VydmljZSUyMGdlbGFuZ2VuJTIwU2llJTIwc2NobmVsbCUyMHVuZCUyMGJlcXVlbSUyMHp1JTIwZGVuJTIwd2ljaHRpZ3N0ZW4lMjBGbHVnaCVDMyVBNGZlbiUyMGluJTIwZGVyJTIwUmVnaW9uJTJDJTIwd2llJTIwei5CLiUyMElubnNicnVjayUyQyUyME0lQzMlQkNuY2hlbiUyMHVuZCUyMFN0dXR0Z2FydC4lMjBXaXIlMjBzb3JnZW4lMjBkYWYlQzMlQkNyJTJDJTIwZGFzcyUyMFNpZSUyMGVudHNwYW5udCUyMHVuZCUyMHAlQzMlQkNua3RsaWNoJTIwYW4lMjBJaHJlbSUyMFppZWwlMjBhbmtvbW1lbi4lM0MlMkZwJTNFJTBBJTIwJTIwJTIwJTIwJTIwJTIwJTIwJTIwJTIwJTIwJTIwJTIwJTNDJTJGZGl2JTNFJTBBJTIwJTIwJTIwJTIwJTIwJTIwJTIwJTIwJTIwJTIwJTIwJTIwJTNDZGl2JTIwY2xhc3MlM0QlMjJzZXJ2aWNlJTIyJTNFJTBBJTIwJTIwJTIwJTIwJTIwJTIwJTIwJTIwJTIwJTIwJTIwJTIwJTIwJTIwJTIwJTIwJTNDaDMlM0VMYW5nc3RyZWNrZW5mYWhydGVuJTNDJTJGaDMlM0UlMEElMjAlMjAlMjAlMjAlMjAlMjAlMjAlMjAlMjAlMjAlMjAlMjAlMjAlMjAlMjAlMjAlM0NwJTNFV2lyJTIwYmlldGVuJTIwa29tZm9ydGFibGUlMjBMYW5nc3RyZWNrZW5mYWhydGVuJTIwenUlMjB2ZXJzY2hpZWRlbmVuJTIwWmllbGVuJTIwaW4lMjBFdXJvcGElMjBhbi4lMjBHZW5pZSVDMyU5RmVuJTIwU2llJTIwZWluZSUyMGVudHNwYW5udGUlMjBGYWhydCUyMG1pdCUyMHVuc2VyZW4lMjBndXQlMjBhdXNnZXN0YXR0ZXRlbiUyMEZhaHJ6ZXVnZW4lMjB1bmQlMjBlcmZhaHJlbmVuJTIwRmFocmVybi4lM0MlMkZwJTNFJTBBJTIwJTIwJTIwJTIwJTIwJTIwJTIwJTIwJTIwJTIwJTIwJTIwJTNDJTJGZGl2JTNFJTBBJTIwJTIwJTIwJTIwJTIwJTIwJTIwJTIwJTNDJTJGZGl2JTNFJTBBJTBBJTIwJTIwJTIwJTIwJTIwJTIwJTIwJTIwJTNDZGl2JTIwY2xhc3MlM0QlMjJjdGElMjIlM0UlMEElMjAlMjAlMjAlMjAlMjAlMjAlMjAlMjAlMjAlMjAlMjAlMjAlM0NwJTNFS29udGFrdGllcmVuJTIwU2llJTIwdW5zJTIwbm9jaCUyMGhldXRlJTIwdW5kJTIwYnVjaGVuJTIwU2llJTIwSWhyZSUyMG4lQzMlQTRjaHN0ZSUyMEZhaHJ0JTIwbWl0JTIwVGF4aSUyMFJldXR0ZSUyMFVzbyUyMSUyMFdpciUyMGZyZXVlbiUyMHVucyUyMGRhcmF1ZiUyQyUyMFNpZSUyMGJhbGQlMjBzaWNoZXIlMjB1bmQlMjBrb21mb3J0YWJlbCUyMGFuJTIwSWhyJTIwWmllbCUyMHp1JTIwYnJpbmdlbi4lM0MlMkZwJTNFJTBBJTIwJTIwJTIwJTIwJTIwJTIwJTIwJTIwJTIwJTIwJTIwJTIwJTNDYSUyMGhyZWYlM0QlMjJodHRwcyUzQSUyRiUyRnRheGl1c28uYXQlMjIlM0VKZXR6dCUyMEJ1Y2hlbiUzQyUyRmElM0UlMEElMjAlMjAlMjAlMjAlMjAlMjAlMjAlMjAlM0MlMkZkaXYlM0UlMEElMjAlMjAlMjAlMjAlM0MlMkZkaXYlM0UlMEElMEElMEElMEE=[\/vc_raw_html][\/vc_column][\/vc_row]<\/p>","protected":false},"excerpt":{"rendered":"<p>[vc_row][vc_column][vc_raw_html]JTIwJTIwJTIwJTIwJTNDc3R5bGUlM0UlMEElMjAlMjAlMjAlMjAlMjAlMjAlMjAlMEElMjAlMjAlMjAlMjAlMjAlMjAlMjAlMjBoZWFkZXIlMjAlN0IlMEElMjAlMjAlMjAlMjAlMjAlMjAlMjAlMjAlMjAlMjAlMjAlMjBiYWNrZ3JvdW5kLWNvbG9yJTNBJTIwJTIzRjhCNTAwJTNCJTBBJTIwJTIwJTIwJTIwJTIwJTIwJTIwJTIwJTIwJTIwJTIwJTIwY29sb3IlM0ElMjB3aGl0ZSUzQiUwQSUyMCUyMCUyMCUyMCUyMCUyMCUyMCUyMCUyMCUyMCUyMCUyMHRleHQtYWxpZ24lM0ElMjBjZW50ZXIlM0IlMEElMjAlMjAlMjAlMjAlMjAlMjAlMjAlMjAlMjAlMjAlMjAlMjBwYWRkaW5nJTNBJTIwMjBweCUyMDAlM0IlMEElMjAlMjAlMjAlMjAlMjAlMjAlMjAlMjAlMjAlMjAlMjAlMjBib3JkZXItcmFkaXVzJTNBJTIwMTBweCUzQiUwQSUyMCUyMCUyMCUyMCUyMCUyMCUyMCUyMCUyMCUyMCUyMCUyMG1hcmdpbi1ib3R0b20lM0ElMjAyMHB4JTNCJTBBJTIwJTIwJTIwJTIwJTIwJTIwJTIwJTIwJTdEJTBBJTBBJTIwJTIwJTIwJTIwJTIwJTIwJTIwJTIwaGVhZGVyJTIwaDElMjAlN0IlMEElMjAlMjAlMjAlMjAlMjAlMjAlMjAlMjAlMjAlMjAlMjAlMjBtYXJnaW4lM0ElMjAwJTNCJTBBJTIwJTIwJTIwJTIwJTIwJTIwJTIwJTIwJTdEJTBBJTBBJTIwJTIwJTIwJTIwJTIwJTIwJTIwJTIwLmNvbnRhaW5lciUyMCU3QiUwQSUyMCUyMCUyMCUyMCUyMCUyMCUyMCUyMCUyMCUyMCUyMCUyMHdpZHRoJTNBJTIwODAlMjUlM0IlMEElMjAlMjAlMjAlMjAlMjAlMjAlMjAlMjAlMjAlMjAlMjAlMjBtYXJnaW4lM0ElMjAwJTIwYXV0byUzQiUwQSUyMCUyMCUyMCUyMCUyMCUyMCUyMCUyMCUyMCUyMCUyMCUyMHBhZGRpbmclM0ElMjAyMHB4JTNCJTBBJTIwJTIwJTIwJTIwJTIwJTIwJTIwJTIwJTdEJTBBJTBBJTIwJTIwJTIwJTIwJTIwJTIwJTIwJTIwaDIlMjAlN0IlMEElMjAlMjAlMjAlMjAlMjAlMjAlMjAlMjAlMjAlMjAlMjAlMjBjb2xvciUzQSUyMCUyM0Y4QjUwMCUzQiUwQSUyMCUyMCUyMCUyMCUyMCUyMCUyMCUyMCUyMCUyMCUyMCUyMHRleHQtYWxpZ24lM0ElMjBjZW50ZXIlM0IlMEElMjAlMjAlMjAlMjAlMjAlMjAlMjAlMjAlMjAlMjAlMjAlMjBtYXJnaW4tdG9wJTNBJTIwMjBweCUzQiUwQSUyMCUyMCUyMCUyMCUyMCUyMCUyMCUyMCU3RCUwQSUwQSUyMCUyMCUyMCUyMCUyMCUyMCUyMCUyMC5zZXJ2aWNlcyUyMCU3QiUwQSUyMCUyMCUyMCUyMCUyMCUyMCUyMCUyMCUyMCUyMCUyMCUyMGRpc3BsYXklM0ElMjBmbGV4JTNCJTBBJTIwJTIwJTIwJTIwJTIwJTIwJTIwJTIwJTIwJTIwJTIwJTIwanVzdGlmeS1jb250ZW50JTNBJTIwc3BhY2UtYXJvdW5kJTNCJTBBJTIwJTIwJTIwJTIwJTIwJTIwJTIwJTIwJTIwJTIwJTIwJTIwZmxleC13cmFwJTNBJTIwd3JhcCUzQiUwQSUyMCUyMCUyMCUyMCUyMCUyMCUyMCUyMCUyMCUyMCUyMCUyMG1hcmdpbi10b3AlM0ElMjAzMHB4JTNCJTBBJTIwJTIwJTIwJTIwJTIwJTIwJTIwJTIwJTdEJTBBJTBBJTIwJTIwJTIwJTIwJTIwJTIwJTIwJTIwLnNlcnZpY2UlMjAlN0IlMEElMjAlMjAlMjAlMjAlMjAlMjAlMjAlMjAlMjAlMjAlMjAlMjBiYWNrZ3JvdW5kLWNvbG9yJTNBJTIwd2hpdGUlM0IlMEElMjAlMjAlMjAlMjAlMjAlMjAlMjAlMjAlMjAlMjAlMjAlMjBib3JkZXIlM0ElMjAxcHglMjBzb2xpZCUyMCUyM2RkZCUzQiUwQSUyMCUyMCUyMCUyMCUyMCUyMCUyMCUyMCUyMCUyMCUyMCUyMGJvcmRlci1yYWRpdXMlM0ElMjAxMHB4JTNCJTBBJTIwJTIwJTIwJTIwJTIwJTIwJTIwJTIwJTIwJTIwJTIwJTIwcGFkZGluZyUzQSUyMDIwcHglM0IlMEElMjAlMjAlMjAlMjAlMjAlMjAlMjAlMjAlMjAlMjAlMjAlMjB3aWR0aCUzQSUyMDQ1JTI1JTNCJTBBJTIwJTIwJTIwJTIwJTIwJTIwJTIwJTIwJTIwJTIwJTIwJTIwbWFyZ2luLWJvdHRvbSUzQSUyMDIwcHglM0IlMEElMjAlMjAlMjAlMjAlMjAlMjAlMjAlMjAlMjAlMjAlMjAlMjB0ZXh0LWFsaWduJTNBJTIwY2VudGVyJTNCJTBBJTIwJTIwJTIwJTIwJTIwJTIwJTIwJTIwJTdEJTBBJTBBJTIwJTIwJTIwJTIwJTIwJTIwJTIwJTIwLnNlcnZpY2UlMjBoMyUyMCU3QiUwQSUyMCUyMCUyMCUyMCUyMCUyMCUyMCUyMCUyMCUyMCUyMCUyMGNvbG9yJTNBJTIwJTIzRjhCNTAwJTNCJTBBJTIwJTIwJTIwJTIwJTIwJTIwJTIwJTIwJTIwJTIwJTIwJTIwZm9udC1zaXplJTNBJTIwMS41ZW0lM0IlMEElMjAlMjAlMjAlMjAlMjAlMjAlMjAlMjAlMjAlMjAlMjAlMjBtYXJnaW4tYm90dG9tJTNBJTIwMTBweCUzQiUwQSUyMCUyMCUyMCUyMCUyMCUyMCUyMCUyMCU3RCUwQSUwQSUyMCUyMCUyMCUyMCUyMCUyMCUyMCUyMC5zZXJ2aWNlJTIwcCUyMCU3QiUwQSUyMCUyMCUyMCUyMCUyMCUyMCUyMCUyMCUyMCUyMCUyMCUyMGZvbnQtc2l6ZSUzQSUyMDFlbSUzQiUwQSUyMCUyMCUyMCUyMCUyMCUyMCUyMCUyMCUyMCUyMCUyMCUyMGNvbG9yJTNBJTIwJTIzMzMzJTNCJTBBJTIwJTIwJTIwJTIwJTIwJTIwJTIwJTIwJTdEJTBBJTBBJTIwJTIwJTIwJTIwJTIwJTIwJTIwJTIwLmN0YSUyMCU3QiUwQSUyMCUyMCUyMCUyMCUyMCUyMCUyMCUyMCUyMCUyMCUyMCUyMHRleHQtYWxpZ24lM0ElMjBjZW50ZXIlM0IlMEElMjAlMjAlMjAlMjAlMjAlMjAlMjAlMjAlMjAlMjAlMjAlMjBtYXJnaW4tdG9wJTNBJTIwNDBweCUzQiUwQSUyMCUyMCUyMCUyMCUyMCUyMCUyMCUyMCU3RCUwQSUwQSUyMCUyMCUyMCUyMCUyMCUyMCUyMCUyMC5jdGElMjBhJTIwJTdCJTBBJTIwJTIwJTIwJTIwJTIwJTIwJTIwJTIwJTIwJTIwJTIwJTIwYmFja2dyb3VuZC1jb2xvciUzQSUyMCUyM0Y4QjUwMCUzQiUwQSUyMCUyMCUyMCUyMCUyMCUyMCUyMCUyMCUyMCUyMCUyMCUyMGNvbG9yJTNBJTIwd2hpdGUlM0IlMEElMjAlMjAlMjAlMjAlMjAlMjAlMjAlMjAlMjAlMjAlMjAlMjBwYWRkaW5nJTNBJTIwMTBweCUyMDIwcHglM0IlMEElMjAlMjAlMjAlMjAlMjAlMjAlMjAlMjAlMjAlMjAlMjAlMjB0ZXh0LWRlY29yYXRpb24lM0ElMjBub25lJTNCJTBBJTIwJTIwJTIwJTIwJTIwJTIwJTIwJTIwJTIwJTIwJTIwJTIwZm9udC1zaXplJTNBJTIwMS4yZW0lM0IlMEElMjAlMjAlMjAlMjAlMjAlMjAlMjAlMjAlMjAlMjAlMjAlMjBib3JkZXItcmFkaXVzJTNBJTIwNXB4JTNCJTBBJTIwJTIwJTIwJTIwJTIwJTIwJTIwJTIwJTdEJTBBJTBBJTIwJTIwJTIwJTIwJTIwJTIwJTIwJTIwLmN0YSUyMGElM0Fob3ZlciUyMCU3QiUwQSUyMCUyMCUyMCUyMCUyMCUyMCUyMCUyMCUyMCUyMCUyMCUyMGJhY2tncm91bmQtY29sb3IlM0ElMjAlMjNkNDg3MDAlM0IlMEElMjAlMjAlMjAlMjAlMjAlMjAlMjAlMjAlN0QlMEElMEElMjAlMjAlMjAlMjAlMjAlMjAlMjAlMjBmb290ZXIlMjAlN0IlMEElMjAlMjAlMjAlMjAlMjAlMjAlMjAlMjAlMjAlMjAlMjAlMjBiYWNrZ3JvdW5kLWNvbG9yJTNBJTIwJTIzMzMzJTNCJTBBJTIwJTIwJTIwJTIwJTIwJTIwJTIwJTIwJTIwJTIwJTIwJTIwY29sb3IlM0ElMjB3aGl0ZSUzQiUwQSUyMCUyMCUyMCUyMCUyMCUyMCUyMCUyMCUyMCUyMCUyMCUyMHRleHQtYWxpZ24lM0ElMjBjZW50ZXIlM0IlMEElMjAlMjAlMjAlMjAlMjAlMjAlMjAlMjAlMjAlMjAlMjAlMjBwYWRkaW5nJTNBJTIwMTBweCUyMDAlM0IlMEElMjAlMjAlMjAlMjAlMjAlMjAlMjAlMjAlMjAlMjAlMjAlMjBtYXJnaW4tdG9wJTNBJTIwNDBweCUzQiUwQSUyMCUyMCUyMCUyMCUyMCUyMCUyMCUyMCU3RCUwQSUyMCUyMCUyMCUyMCUzQyUyRnN0eWxlJTNFJTBBJTNDJTJGaGVhZCUzRSUwQSUzQ2JvZHklM0UlMEElMjAlMjAlMjAlMjAlM0NoZWFkZXIlM0UlMEElMjAlMjAlMjAlMjAlMjAlMjAlMjAlMjAlM0NoMSUzRVRheGklMjBSZXV0dGUlMjBVc28lM0MlMkZoMSUzRSUwQSUyMCUyMCUyMCUyMCUyMCUyMCUyMCUyMCUzQ3AlM0VJaHIlMjB6dXZlcmwlQzMlQTRzc2lnZXIlMjBQYXJ0bmVyJTIwZiVDMyVCQ3IlMjBrb21mb3J0YWJsZSUyMHVuZCUyMHAlQzMlQkNua3RsaWNoZSUyMEZhaHJ0ZW4lM0MlMkZwJTNFJTBBJTIwJTIwJTIwJTIwJTNDJTJGaGVhZGVyJTNFJTBBJTBBJTIwJTIwJTIwJTIwJTNDZGl2JTIwY2xhc3MlM0QlMjJjb250YWluZXIlMjIlM0UlMEElMjAlMjAlMjAlMjAlMjAlMjAlMjAlMjAlM0NoMiUzRSVDMyU5Q2JlciUyMHVucyUyMCVFMiU4MCU5MyUyMFRheGklMjBSZXV0dGUlMjBVc28lM0MlMkZoMiUzRSUwQSUyMCUyMCUyMCUyMCUyMCUyMCUyMCUyMCUzQ3AlM0VXaWxsa29tbWVuJTIwYmVpJTIwVGF4aSUyMFJldXR0ZSUyMFVzbyUyMCVFMiU4MCU5MyUyMElocmVtJTIwenV2ZXJsJUMzJUE0c3NpZ2VuJTIwUGFydG5lciUyMGYlQzMlQkNyJTIwa29tZm9ydGFibGUlMjB1bmQlMjBwJUMzJUJDbmt0bGljaGUlMjBGYWhydGVuJTIwaW4lMjB1bmQlMjB1bSUyMFJldXR0ZSUyMSUyMFdpciUyMGJpZXRlbiUyMElobmVuJTIwbmljaHQlMjBudXIlMjBob2Nod2VydGlnZSUyMFRheGktRGllbnN0ZSUyQyUyMHNvbmRlcm4lMjBhdWNoJTIwbWElQzMlOUZnZXNjaG5laWRlcnRlJTIwTCVDMyVCNnN1bmdlbiUyMGYlQzMlQkNyJTIwSWhyZSUyMFJlaXNlYmVkJUMzJUJDcmZuaXNzZS4lMjBVbnNlciUyMFppZWwlMjBpc3QlMjBlcyUyQyUyMElobmVuJTIwamVkZXJ6ZWl0JTIwZWluZSUyMHN0cmVzc2ZyZWllJTIwdW5kJTIwYW5nZW5laG1lJTIwRmFocnQlMjB6dSUyMGVybSVDMyVCNmdsaWNoZW4lMkMlMjBzZWklMjBlcyUyMGYlQzMlQkNyJTIwZWluZSUyMGt1cnplJTIwRmFocnQlMjBpbiUyMGRlciUyMFN0YWR0JTJDJTIwZWluZSUyMGwlQzMlQTRuZ2VyZSUyMFJlaXNlJTIwb2RlciUyMGVpbmVuJTIwa29tZm9ydGFibGVuJTIwRmx1Z2hhZmVudHJhbnNmZXIuJTNDJTJGcCUzRSUwQSUwQSUyMCUyMCUyMCUyMCUyMCUyMCUyMCUyMCUzQ2RpdiUyMGNsYXNzJTNEJTIyc2VydmljZXMlMjIlM0UlMEElMjAlMjAlMjAlMjAlMjAlMjAlMjAlMjAlMjAlMjAlMjAlMjAlM0NkaXYlMjBjbGFzcyUzRCUyMnNlcnZpY2UlMjIlM0UlMEElMjAlMjAlMjAlMjAlMjAlMjAlMjAlMjAlMjAlMjAlMjAlMjAlMjAlMjAlMjAlMjAlM0NoMyUzRVRheGktU2VydmljZSUzQyUyRmgzJTNFJTBBJTIwJTIwJTIwJTIwJTIwJTIwJTIwJTIwJTIwJTIwJTIwJTIwJTIwJTNDcCUzRU9iJTIwU2llJTIwZWluZSUyMEZhaHJ0JTIwaW5uZXJoYWxiJTIwdm9uJTIwUmV1dHRlJTIwb2RlciUyMGluJTIwZWluZSUyMHVtbGllZ2VuZGUlMjBPcnRzY2hhZnQlMjBiZW4lQzMlQjZ0aWdlbiUyMCVFMiU4MCU5MyUyMHVuc2VyJTIwVGF4aS1TZXJ2aWNlJTIwc3RlaHQlMjBJaG5lbiUyMHp1dmVybCVDMyVBNHNzaWclMjB6dXIlMjBWZXJmJUMzJUJDZ3VuZy4lMjBXaXIlMjBiaWV0ZW4lMjBzaWNoZXJlJTIwdW5kJTIwa29tZm9ydGFibGUlMjBGYWhydGVuJTIwenUlMjBmYWlyZW4lMjBQcmVpc2VuJTJDJTIwZ2FueiUyMG5hY2glMjBJaHJlbSUyMEJlZGFyZi4lM0MlMkZwJTNFJTBBJTIwJTIwJTIwJTIwJTIwJTIwJTIwJTIwJTIwJTIwJTIwJTIwJTNDJTJGZGl2JTNFJTBBJTIwJTIwJTIwJTIwJTIwJTIwJTIwJTIwJTIwJTIwJTIwJTIwJTNDZGl2JTIwY2xhc3MlM0QlMjJzZXJ2aWNlJTIyJTNFJTBBJTIwJTIwJTIwJTIwJTIwJTIwJTIwJTIwJTIwJTIwJTIwJTIwJTIwJTIwJTIwJTIwJTNDaDMlM0VGbHVnaGFmZW50cmFuc2ZlcnMlM0MlMkZoMyUzRSUwQSUyMCUyMCUyMCUyMCUyMCUyMCUyMCUyMCUyMCUyMCUyMCUyMCUyMCUyMCUyMCUyMCUzQ3AlM0VNaXQlMjB1bnNlcmVtJTIwRmx1Z2hhZmVudHJhbnNmZXItU2VydmljZSUyMGdlbGFuZ2VuJTIwU2llJTIwc2NobmVsbCUyMHVuZCUyMGJlcXVlbSUyMHp1JTIwZGVuJTIwd2ljaHRpZ3N0ZW4lMjBGbHVnaCVDMyVBNGZlbiUyMGluJTIwZGVyJTIwUmVnaW9uJTJDJTIwd2llJTIwei5CLiUyMElubnNicnVjayUyQyUyME0lQzMlQkNuY2hlbiUyMHVuZCUyMFN0dXR0Z2FydC4lMjBXaXIlMjBzb3JnZW4lMjBkYWYlQzMlQkNyJTJDJTIwZGFzcyUyMFNpZSUyMGVudHNwYW5udCUyMHVuZCUyMHAlQzMlQkNua3RsaWNoJTIwYW4lMjBJaHJlbSUyMFppZWwlMjBhbmtvbW1lbi4lM0MlMkZwJTNFJTBBJTIwJTIwJTIwJTIwJTIwJTIwJTIwJTIwJTIwJTIwJTIwJTIwJTNDJTJGZGl2JTNFJTBBJTIwJTIwJTIwJTIwJTIwJTIwJTIwJTIwJTIwJTIwJTIwJTIwJTNDZGl2JTIwY2xhc3MlM0QlMjJzZXJ2aWNlJTIyJTNFJTBBJTIwJTIwJTIwJTIwJTIwJTIwJTIwJTIwJTIwJTIwJTIwJTIwJTIwJTIwJTIwJTIwJTNDaDMlM0VMYW5nc3RyZWNrZW5mYWhydGVuJTNDJTJGaDMlM0UlMEElMjAlMjAlMjAlMjAlMjAlMjAlMjAlMjAlMjAlMjAlMjAlMjAlMjAlMjAlMjAlMjAlM0NwJTNFV2lyJTIwYmlldGVuJTIwa29tZm9ydGFibGUlMjBMYW5nc3RyZWNrZW5mYWhydGVuJTIwenUlMjB2ZXJzY2hpZWRlbmVuJTIwWmllbGVuJTIwaW4lMjBFdXJvcGElMjBhbi4lMjBHZW5pZSVDMyU5RmVuJTIwU2llJTIwZWluZSUyMGVudHNwYW5udGUlMjBGYWhydCUyMG1pdCUyMHVuc2VyZW4lMjBndXQlMjBhdXNnZXN0YXR0ZXRlbiUyMEZhaHJ6ZXVnZW4lMjB1bmQlMjBlcmZhaHJlbmVuJTIwRmFocmVybi4lM0MlMkZwJTNFJTBBJTIwJTIwJTIwJTIwJTIwJTIwJTIwJTIwJTIwJTIwJTIwJTIwJTNDJTJGZGl2JTNFJTBBJTIwJTIwJTIwJTIwJTIwJTIwJTIwJTIwJTNDJTJGZGl2JTNFJTBBJTBBJTIwJTIwJTIwJTIwJTIwJTIwJTIwJTIwJTNDZGl2JTIwY2xhc3MlM0QlMjJjdGElMjIlM0UlMEElMjAlMjAlMjAlMjAlMjAlMjAlMjAlMjAlMjAlMjAlMjAlMjAlM0NwJTNFS29udGFrdGllcmVuJTIwU2llJTIwdW5zJTIwbm9jaCUyMGhldXRlJTIwdW5kJTIwYnVjaGVuJTIwU2llJTIwSWhyZSUyMG4lQzMlQTRjaHN0ZSUyMEZhaHJ0JTIwbWl0JTIwVGF4aSUyMFJldXR0ZSUyMFVzbyUyMSUyMFdpciUyMGZyZXVlbiUyMHVucyUyMGRhcmF1ZiUyQyUyMFNpZSUyMGJhbGQlMjBzaWNoZXIlMjB1bmQlMjBrb21mb3J0YWJlbCUyMGFuJTIwSWhyJTIwWmllbCUyMHp1JTIwYnJpbmdlbi4lM0MlMkZwJTNFJTBBJTIwJTIwJTIwJTIwJTIwJTIwJTIwJTIwJTIwJTIwJTIwJTIwJTNDYSUyMGhyZWYlM0QlMjJodHRwcyUzQSUyRiUyRnRheGl1c28uYXQlMjIlM0VKZXR6dCUyMEJ1Y2hlbiUzQyUyRmElM0UlMEElMjAlMjAlMjAlMjAlMjAlMjAlMjAlMjAlM0MlMkZkaXYlM0UlMEElMjAlMjAlMjAlMjAlM0MlMkZkaXYlM0UlMEElMEElMEElMEE=[\/vc_raw_html][\/vc_column][\/vc_row]<\/p>","protected":false},"author":1,"featured_media":0,"parent":0,"menu_order":0,"comment_status":"closed","ping_status":"closed","template":"","meta":{"inline_featured_image":false,"footnotes":""},"class_list":["post-6297","page","type-page","status-publish","hentry"],"yoast_head":"<!-- This site is optimized with the Yoast SEO Premium plugin v21.7 (Yoast SEO v26.7) - https:\/\/yoast.com\/wordpress\/plugins\/seo\/ -->\n<title>\u00dcber Uns | Taxi Uso Reutte<\/title>\n<meta name=\"description\" content=\"Ihr verl\u00e4sslicher Partner f\u00fcr Flughafentransfers, Stadtfahrten &amp; Langstreckentransporte. Komfortabel, p\u00fcnktlich &amp; sicher unterwegs. Jetzt buchen!\" \/>\n<meta name=\"robots\" content=\"index, follow, max-snippet:-1, max-image-preview:large, max-video-preview:-1\" \/>\n<link rel=\"canonical\" href=\"https:\/\/taxiuso.at\/en\/ueber-uns\/\" \/>\n<meta property=\"og:locale\" content=\"en_US\" \/>\n<meta property=\"og:type\" content=\"article\" \/>\n<meta property=\"og:title\" content=\"\u00dcber Uns\" \/>\n<meta property=\"og:description\" content=\"Ihr verl\u00e4sslicher Partner f\u00fcr Flughafentransfers, Stadtfahrten &amp; Langstreckentransporte. Komfortabel, p\u00fcnktlich &amp; sicher unterwegs. Jetzt buchen!\" \/>\n<meta property=\"og:url\" content=\"https:\/\/taxiuso.at\/en\/ueber-uns\/\" \/>\n<meta property=\"og:site_name\" content=\"Taxi Uso Reutte\" \/>\n<meta property=\"article:modified_time\" content=\"2025-06-03T21:10:00+00:00\" \/>\n<meta property=\"og:image\" content=\"https:\/\/taxiuso.at\/wp-content\/uploads\/2025\/02\/logo-black.png\" \/>\n\t<meta property=\"og:image:width\" content=\"1440\" \/>\n\t<meta property=\"og:image:height\" content=\"810\" \/>\n\t<meta property=\"og:image:type\" content=\"image\/png\" \/>\n<meta name=\"twitter:card\" content=\"summary_large_image\" \/>\n<meta name=\"twitter:label1\" content=\"Est. reading time\" \/>\n\t<meta name=\"twitter:data1\" content=\"3 minutes\" \/>\n<script type=\"application\/ld+json\" class=\"yoast-schema-graph\">{\"@context\":\"https:\/\/schema.org\",\"@graph\":[{\"@type\":\"WebPage\",\"@id\":\"https:\/\/taxiuso.at\/ueber-uns\/\",\"url\":\"https:\/\/taxiuso.at\/ueber-uns\/\",\"name\":\"\u00dcber Uns | Taxi Uso Reutte\",\"isPartOf\":{\"@id\":\"https:\/\/taxiuso.at\/#website\"},\"datePublished\":\"2024-10-17T17:24:19+00:00\",\"dateModified\":\"2025-06-03T21:10:00+00:00\",\"description\":\"Ihr verl\u00e4sslicher Partner f\u00fcr Flughafentransfers, Stadtfahrten & Langstreckentransporte. Komfortabel, p\u00fcnktlich & sicher unterwegs. Jetzt buchen!\",\"breadcrumb\":{\"@id\":\"https:\/\/taxiuso.at\/ueber-uns\/#breadcrumb\"},\"inLanguage\":\"en-US\",\"potentialAction\":[{\"@type\":\"ReadAction\",\"target\":[\"https:\/\/taxiuso.at\/ueber-uns\/\"]}]},{\"@type\":\"BreadcrumbList\",\"@id\":\"https:\/\/taxiuso.at\/ueber-uns\/#breadcrumb\",\"itemListElement\":[{\"@type\":\"ListItem\",\"position\":1,\"name\":\"Anasayfa\",\"item\":\"https:\/\/taxiuso.at\/\"},{\"@type\":\"ListItem\",\"position\":2,\"name\":\"\u00dcber Uns\"}]},{\"@type\":\"WebSite\",\"@id\":\"https:\/\/taxiuso.at\/#website\",\"url\":\"https:\/\/taxiuso.at\/\",\"name\":\"Taxi Uso Reutte\",\"description\":\"Ihr zuverl\u00e4ssiger Taxi in Reutte\",\"publisher\":{\"@id\":\"https:\/\/taxiuso.at\/#organization\"},\"alternateName\":\"Taxi Reutte\",\"potentialAction\":[{\"@type\":\"SearchAction\",\"target\":{\"@type\":\"EntryPoint\",\"urlTemplate\":\"https:\/\/taxiuso.at\/?s={search_term_string}\"},\"query-input\":{\"@type\":\"PropertyValueSpecification\",\"valueRequired\":true,\"valueName\":\"search_term_string\"}}],\"inLanguage\":\"en-US\"},{\"@type\":\"Organization\",\"@id\":\"https:\/\/taxiuso.at\/#organization\",\"name\":\"Taxi Uso Reutte\",\"alternateName\":\"Reutte Taxi\",\"url\":\"https:\/\/taxiuso.at\/\",\"logo\":{\"@type\":\"ImageObject\",\"inLanguage\":\"en-US\",\"@id\":\"https:\/\/taxiuso.at\/#\/schema\/logo\/image\/\",\"url\":\"https:\/\/taxiuso.at\/wp-content\/uploads\/2025\/02\/logo-black.png\",\"contentUrl\":\"https:\/\/taxiuso.at\/wp-content\/uploads\/2025\/02\/logo-black.png\",\"width\":1440,\"height\":810,\"caption\":\"Taxi Uso Reutte\"},\"image\":{\"@id\":\"https:\/\/taxiuso.at\/#\/schema\/logo\/image\/\"}}]}<\/script>\n<!-- \/ Yoast SEO Premium plugin. -->","yoast_head_json":{"title":"\u00dcber Uns | Taxi Uso Reutte","description":"Ihr verl\u00e4sslicher Partner f\u00fcr Flughafentransfers, Stadtfahrten & Langstreckentransporte. Komfortabel, p\u00fcnktlich & sicher unterwegs. Jetzt buchen!","robots":{"index":"index","follow":"follow","max-snippet":"max-snippet:-1","max-image-preview":"max-image-preview:large","max-video-preview":"max-video-preview:-1"},"canonical":"https:\/\/taxiuso.at\/en\/ueber-uns\/","og_locale":"en_US","og_type":"article","og_title":"\u00dcber Uns","og_description":"Ihr verl\u00e4sslicher Partner f\u00fcr Flughafentransfers, Stadtfahrten & Langstreckentransporte. Komfortabel, p\u00fcnktlich & sicher unterwegs. Jetzt buchen!","og_url":"https:\/\/taxiuso.at\/en\/ueber-uns\/","og_site_name":"Taxi Uso Reutte","article_modified_time":"2025-06-03T21:10:00+00:00","og_image":[{"width":1440,"height":810,"url":"https:\/\/taxiuso.at\/wp-content\/uploads\/2025\/02\/logo-black.png","type":"image\/png"}],"twitter_card":"summary_large_image","twitter_misc":{"Est. reading time":"3 minutes"},"schema":{"@context":"https:\/\/schema.org","@graph":[{"@type":"WebPage","@id":"https:\/\/taxiuso.at\/ueber-uns\/","url":"https:\/\/taxiuso.at\/ueber-uns\/","name":"\u00dcber Uns | Taxi Uso Reutte","isPartOf":{"@id":"https:\/\/taxiuso.at\/#website"},"datePublished":"2024-10-17T17:24:19+00:00","dateModified":"2025-06-03T21:10:00+00:00","description":"Ihr verl\u00e4sslicher Partner f\u00fcr Flughafentransfers, Stadtfahrten & Langstreckentransporte. Komfortabel, p\u00fcnktlich & sicher unterwegs. Jetzt buchen!","breadcrumb":{"@id":"https:\/\/taxiuso.at\/ueber-uns\/#breadcrumb"},"inLanguage":"en-US","potentialAction":[{"@type":"ReadAction","target":["https:\/\/taxiuso.at\/ueber-uns\/"]}]},{"@type":"BreadcrumbList","@id":"https:\/\/taxiuso.at\/ueber-uns\/#breadcrumb","itemListElement":[{"@type":"ListItem","position":1,"name":"Anasayfa","item":"https:\/\/taxiuso.at\/"},{"@type":"ListItem","position":2,"name":"\u00dcber Uns"}]},{"@type":"WebSite","@id":"https:\/\/taxiuso.at\/#website","url":"https:\/\/taxiuso.at\/","name":"Taxi Uso Reutte","description":"Ihr zuverl\u00e4ssiger Taxi in Reutte","publisher":{"@id":"https:\/\/taxiuso.at\/#organization"},"alternateName":"Taxi Reutte","potentialAction":[{"@type":"SearchAction","target":{"@type":"EntryPoint","urlTemplate":"https:\/\/taxiuso.at\/?s={search_term_string}"},"query-input":{"@type":"PropertyValueSpecification","valueRequired":true,"valueName":"search_term_string"}}],"inLanguage":"en-US"},{"@type":"Organization","@id":"https:\/\/taxiuso.at\/#organization","name":"Taxi Uso Reutte","alternateName":"Reutte Taxi","url":"https:\/\/taxiuso.at\/","logo":{"@type":"ImageObject","inLanguage":"en-US","@id":"https:\/\/taxiuso.at\/#\/schema\/logo\/image\/","url":"https:\/\/taxiuso.at\/wp-content\/uploads\/2025\/02\/logo-black.png","contentUrl":"https:\/\/taxiuso.at\/wp-content\/uploads\/2025\/02\/logo-black.png","width":1440,"height":810,"caption":"Taxi Uso Reutte"},"image":{"@id":"https:\/\/taxiuso.at\/#\/schema\/logo\/image\/"}}]}},"_links":{"self":[{"href":"https:\/\/taxiuso.at\/en\/wp-json\/wp\/v2\/pages\/6297","targetHints":{"allow":["GET"]}}],"collection":[{"href":"https:\/\/taxiuso.at\/en\/wp-json\/wp\/v2\/pages"}],"about":[{"href":"https:\/\/taxiuso.at\/en\/wp-json\/wp\/v2\/types\/page"}],"author":[{"embeddable":true,"href":"https:\/\/taxiuso.at\/en\/wp-json\/wp\/v2\/users\/1"}],"replies":[{"embeddable":true,"href":"https:\/\/taxiuso.at\/en\/wp-json\/wp\/v2\/comments?post=6297"}],"version-history":[{"count":34,"href":"https:\/\/taxiuso.at\/en\/wp-json\/wp\/v2\/pages\/6297\/revisions"}],"predecessor-version":[{"id":10565,"href":"https:\/\/taxiuso.at\/en\/wp-json\/wp\/v2\/pages\/6297\/revisions\/10565"}],"wp:attachment":[{"href":"https:\/\/taxiuso.at\/en\/wp-json\/wp\/v2\/media?parent=6297"}],"curies":[{"name":"wp","href":"https:\/\/api.w.org\/{rel}","templated":true}]}}