{"id":993,"date":"2023-07-20T17:44:53","date_gmt":"2023-07-20T15:44:53","guid":{"rendered":"https:\/\/taxiuso.at\/terms-and-conditions\/"},"modified":"2025-04-28T16:16:20","modified_gmt":"2025-04-28T14:16:20","slug":"terms-and-conditions","status":"publish","type":"page","link":"https:\/\/taxiuso.at\/en\/terms-and-conditions\/","title":{"rendered":"Impressum"},"content":{"rendered":"<div class=\"wpdl-notice-wrap\"><\/div><p>[vc_row][vc_column][vc_column_text]<\/p>\n<h1>Impressum<\/h1>\n<p>Erkan Ayaz<br \/>Taxiunternehmen<br \/> Schoberstadl 28\/3<br \/>6600 Reutte<\/p>\n<h2>Contact<\/h2>\n<p>Telefon: +43 681 81 81 6828<br \/>E-Mail: info@taxiuso.at<\/p>\n<h2>Umsatzsteuer-ID<\/h2>\n<p>Umsatzsteuer-Identifikationsnummer gem\u00e4\u00df \u00a7 27 a Umsatzsteuergesetz:<br \/>ATU81392716<\/p>\n<h2>Berufsbezeichnung und berufsrechtliche Regelungen<\/h2>\n<p>Berufsbezeichnung:<br \/>Taxiunternehmen<\/p>\n<p>Zust\u00e4ndige Kammer:<br \/>Wirtschaftskammer Reutte<br \/>Bahnhofstra\u00dfe 6<br \/>6600 Reutte<\/p>\n<p>Verliehen in:<br \/>\u00d6sterreich<\/p>\n<h2>EU-Streitschlichtung<\/h2>\n<p>Die Europ\u00e4ische Kommission stellt eine Plattform zur Online-Streitbeilegung (OS) bereit: <a href=\"https:\/\/ec.europa.eu\/consumers\/odr\/\" target=\"_blank\" rel=\"noopener noreferrer\">https:\/\/ec.europa.eu\/consumers\/odr\/<\/a>.<br \/>Unsere E-Mail-Adresse finden Sie oben im Impressum.<\/p>\n<h2>Verbraucher\u00adstreit\u00adbeilegung\/Universal\u00adschlichtungs\u00adstelle<\/h2>\n<p>Wir sind nicht bereit oder verpflichtet, an Streitbeilegungsverfahren vor einer Verbraucherschlichtungsstelle teilzunehmen.<\/p>\n\n\n<p>&nbsp;<\/p>\n<p>[\/vc_column_text][\/vc_column][\/vc_row]<\/p>","protected":false},"excerpt":{"rendered":"<p>[vc_row][vc_column][vc_column_text] Impressum Erkan AyazTaxiunternehmen Schoberstadl 28\/36600 Reutte Kontakt Telefon: +43 681 81 81 6828E-Mail: info@taxiuso.at Umsatzsteuer-ID Umsatzsteuer-Identifikationsnummer gem\u00e4\u00df \u00a7 27 a Umsatzsteuergesetz:ATU81392716 Berufsbezeichnung und berufsrechtliche Regelungen Berufsbezeichnung:Taxiunternehmen Zust\u00e4ndige Kammer:Wirtschaftskammer ReutteBahnhofstra\u00dfe 66600 Reutte Verliehen in:\u00d6sterreich EU-Streitschlichtung Die Europ\u00e4ische Kommission stellt eine Plattform zur Online-Streitbeilegung (OS) bereit: https:\/\/ec.europa.eu\/consumers\/odr\/.Unsere E-Mail-Adresse finden Sie oben im Impressum. Verbraucher\u00adstreit\u00adbeilegung\/Universal\u00adschlichtungs\u00adstelle Wir sind [&hellip;]<\/p>","protected":false},"author":1,"featured_media":0,"parent":0,"menu_order":0,"comment_status":"closed","ping_status":"closed","template":"","meta":{"inline_featured_image":false,"footnotes":""},"class_list":["post-993","page","type-page","status-publish","hentry"],"yoast_head":"<!-- This site is optimized with the Yoast SEO Premium plugin v21.7 (Yoast SEO v26.7) - https:\/\/yoast.com\/wordpress\/plugins\/seo\/ -->\n<title>Impressum | Taxi Uso Reutte<\/title>\n<meta name=\"description\" content=\"impressum\" \/>\n<meta name=\"robots\" content=\"index, follow, max-snippet:-1, max-image-preview:large, max-video-preview:-1\" \/>\n<link rel=\"canonical\" href=\"https:\/\/taxiuso.at\/en\/terms-and-conditions\/\" \/>\n<meta property=\"og:locale\" content=\"en_US\" \/>\n<meta property=\"og:type\" content=\"article\" \/>\n<meta property=\"og:title\" content=\"Impressum\" \/>\n<meta property=\"og:description\" content=\"Ihr verl\u00e4sslicher Partner f\u00fcr Flughafentransfers, Stadtfahrten &amp; Langstreckentransporte. Komfortabel, p\u00fcnktlich &amp; sicher unterwegs. Jetzt buchen!\" \/>\n<meta property=\"og:url\" content=\"https:\/\/taxiuso.at\/en\/terms-and-conditions\/\" \/>\n<meta property=\"og:site_name\" content=\"Taxi Uso Reutte\" \/>\n<meta property=\"article:modified_time\" content=\"2025-04-28T14:16:20+00:00\" \/>\n<meta property=\"og:image\" content=\"https:\/\/taxiuso.at\/wp-content\/uploads\/2025\/02\/logo-black.png\" \/>\n\t<meta property=\"og:image:width\" content=\"1440\" \/>\n\t<meta property=\"og:image:height\" content=\"810\" \/>\n\t<meta property=\"og:image:type\" content=\"image\/png\" \/>\n<meta name=\"twitter:card\" content=\"summary_large_image\" \/>\n<meta name=\"twitter:label1\" content=\"Est. reading time\" \/>\n\t<meta name=\"twitter:data1\" content=\"1 minute\" \/>\n<script type=\"application\/ld+json\" class=\"yoast-schema-graph\">{\"@context\":\"https:\/\/schema.org\",\"@graph\":[{\"@type\":\"WebPage\",\"@id\":\"https:\/\/taxiuso.at\/terms-and-conditions\/\",\"url\":\"https:\/\/taxiuso.at\/terms-and-conditions\/\",\"name\":\"Impressum | Taxi Uso Reutte\",\"isPartOf\":{\"@id\":\"https:\/\/taxiuso.at\/#website\"},\"datePublished\":\"2023-07-20T15:44:53+00:00\",\"dateModified\":\"2025-04-28T14:16:20+00:00\",\"description\":\"impressum\",\"breadcrumb\":{\"@id\":\"https:\/\/taxiuso.at\/terms-and-conditions\/#breadcrumb\"},\"inLanguage\":\"en-US\",\"potentialAction\":[{\"@type\":\"ReadAction\",\"target\":[\"https:\/\/taxiuso.at\/terms-and-conditions\/\"]}]},{\"@type\":\"BreadcrumbList\",\"@id\":\"https:\/\/taxiuso.at\/terms-and-conditions\/#breadcrumb\",\"itemListElement\":[{\"@type\":\"ListItem\",\"position\":1,\"name\":\"Anasayfa\",\"item\":\"https:\/\/taxiuso.at\/\"},{\"@type\":\"ListItem\",\"position\":2,\"name\":\"Impressum\"}]},{\"@type\":\"WebSite\",\"@id\":\"https:\/\/taxiuso.at\/#website\",\"url\":\"https:\/\/taxiuso.at\/\",\"name\":\"Taxi Uso Reutte\",\"description\":\"Ihr zuverl\u00e4ssiger Taxi in Reutte\",\"publisher\":{\"@id\":\"https:\/\/taxiuso.at\/#organization\"},\"alternateName\":\"Taxi Reutte\",\"potentialAction\":[{\"@type\":\"SearchAction\",\"target\":{\"@type\":\"EntryPoint\",\"urlTemplate\":\"https:\/\/taxiuso.at\/?s={search_term_string}\"},\"query-input\":{\"@type\":\"PropertyValueSpecification\",\"valueRequired\":true,\"valueName\":\"search_term_string\"}}],\"inLanguage\":\"en-US\"},{\"@type\":\"Organization\",\"@id\":\"https:\/\/taxiuso.at\/#organization\",\"name\":\"Taxi Uso Reutte\",\"alternateName\":\"Reutte Taxi\",\"url\":\"https:\/\/taxiuso.at\/\",\"logo\":{\"@type\":\"ImageObject\",\"inLanguage\":\"en-US\",\"@id\":\"https:\/\/taxiuso.at\/#\/schema\/logo\/image\/\",\"url\":\"https:\/\/taxiuso.at\/wp-content\/uploads\/2025\/02\/logo-black.png\",\"contentUrl\":\"https:\/\/taxiuso.at\/wp-content\/uploads\/2025\/02\/logo-black.png\",\"width\":1440,\"height\":810,\"caption\":\"Taxi Uso Reutte\"},\"image\":{\"@id\":\"https:\/\/taxiuso.at\/#\/schema\/logo\/image\/\"}}]}<\/script>\n<!-- \/ Yoast SEO Premium plugin. -->","yoast_head_json":{"title":"Impressum | Taxi Uso Reutte","description":"impressum","robots":{"index":"index","follow":"follow","max-snippet":"max-snippet:-1","max-image-preview":"max-image-preview:large","max-video-preview":"max-video-preview:-1"},"canonical":"https:\/\/taxiuso.at\/en\/terms-and-conditions\/","og_locale":"en_US","og_type":"article","og_title":"Impressum","og_description":"Ihr verl\u00e4sslicher Partner f\u00fcr Flughafentransfers, Stadtfahrten & Langstreckentransporte. Komfortabel, p\u00fcnktlich & sicher unterwegs. Jetzt buchen!","og_url":"https:\/\/taxiuso.at\/en\/terms-and-conditions\/","og_site_name":"Taxi Uso Reutte","article_modified_time":"2025-04-28T14:16:20+00:00","og_image":[{"width":1440,"height":810,"url":"https:\/\/taxiuso.at\/wp-content\/uploads\/2025\/02\/logo-black.png","type":"image\/png"}],"twitter_card":"summary_large_image","twitter_misc":{"Est. reading time":"1 minute"},"schema":{"@context":"https:\/\/schema.org","@graph":[{"@type":"WebPage","@id":"https:\/\/taxiuso.at\/terms-and-conditions\/","url":"https:\/\/taxiuso.at\/terms-and-conditions\/","name":"Impressum | Taxi Uso Reutte","isPartOf":{"@id":"https:\/\/taxiuso.at\/#website"},"datePublished":"2023-07-20T15:44:53+00:00","dateModified":"2025-04-28T14:16:20+00:00","description":"impressum","breadcrumb":{"@id":"https:\/\/taxiuso.at\/terms-and-conditions\/#breadcrumb"},"inLanguage":"en-US","potentialAction":[{"@type":"ReadAction","target":["https:\/\/taxiuso.at\/terms-and-conditions\/"]}]},{"@type":"BreadcrumbList","@id":"https:\/\/taxiuso.at\/terms-and-conditions\/#breadcrumb","itemListElement":[{"@type":"ListItem","position":1,"name":"Anasayfa","item":"https:\/\/taxiuso.at\/"},{"@type":"ListItem","position":2,"name":"Impressum"}]},{"@type":"WebSite","@id":"https:\/\/taxiuso.at\/#website","url":"https:\/\/taxiuso.at\/","name":"Taxi Uso Reutte","description":"Ihr zuverl\u00e4ssiger Taxi in Reutte","publisher":{"@id":"https:\/\/taxiuso.at\/#organization"},"alternateName":"Taxi Reutte","potentialAction":[{"@type":"SearchAction","target":{"@type":"EntryPoint","urlTemplate":"https:\/\/taxiuso.at\/?s={search_term_string}"},"query-input":{"@type":"PropertyValueSpecification","valueRequired":true,"valueName":"search_term_string"}}],"inLanguage":"en-US"},{"@type":"Organization","@id":"https:\/\/taxiuso.at\/#organization","name":"Taxi Uso Reutte","alternateName":"Reutte Taxi","url":"https:\/\/taxiuso.at\/","logo":{"@type":"ImageObject","inLanguage":"en-US","@id":"https:\/\/taxiuso.at\/#\/schema\/logo\/image\/","url":"https:\/\/taxiuso.at\/wp-content\/uploads\/2025\/02\/logo-black.png","contentUrl":"https:\/\/taxiuso.at\/wp-content\/uploads\/2025\/02\/logo-black.png","width":1440,"height":810,"caption":"Taxi Uso Reutte"},"image":{"@id":"https:\/\/taxiuso.at\/#\/schema\/logo\/image\/"}}]}},"_links":{"self":[{"href":"https:\/\/taxiuso.at\/en\/wp-json\/wp\/v2\/pages\/993","targetHints":{"allow":["GET"]}}],"collection":[{"href":"https:\/\/taxiuso.at\/en\/wp-json\/wp\/v2\/pages"}],"about":[{"href":"https:\/\/taxiuso.at\/en\/wp-json\/wp\/v2\/types\/page"}],"author":[{"embeddable":true,"href":"https:\/\/taxiuso.at\/en\/wp-json\/wp\/v2\/users\/1"}],"replies":[{"embeddable":true,"href":"https:\/\/taxiuso.at\/en\/wp-json\/wp\/v2\/comments?post=993"}],"version-history":[{"count":11,"href":"https:\/\/taxiuso.at\/en\/wp-json\/wp\/v2\/pages\/993\/revisions"}],"predecessor-version":[{"id":10552,"href":"https:\/\/taxiuso.at\/en\/wp-json\/wp\/v2\/pages\/993\/revisions\/10552"}],"wp:attachment":[{"href":"https:\/\/taxiuso.at\/en\/wp-json\/wp\/v2\/media?parent=993"}],"curies":[{"name":"wp","href":"https:\/\/api.w.org\/{rel}","templated":true}]}}